{"id":603,"date":"2021-01-12T17:41:34","date_gmt":"2021-01-12T14:41:34","guid":{"rendered":"https:\/\/www.ardatrade.com\/?page_id=603"},"modified":"2021-02-18T10:03:02","modified_gmt":"2021-02-18T07:03:02","slug":"parcalayici","status":"publish","type":"page","link":"https:\/\/www.ardatrade.com\/tr\/urunlerimiz\/geri-donusum-makineleri\/parcalayici\/","title":{"rendered":"Par\u00e7alay\u0131c\u0131"},"content":{"rendered":"","protected":false},"excerpt":{"rendered":"","protected":false},"author":1,"featured_media":0,"parent":305,"menu_order":0,"comment_status":"closed","ping_status":"closed","template":"","meta":{"content-type":"","_monsterinsights_skip_tracking":false,"_monsterinsights_sitenote_active":false,"_monsterinsights_sitenote_note":"","_monsterinsights_sitenote_category":0,"footnotes":""},"_links":{"self":[{"href":"https:\/\/www.ardatrade.com\/tr\/wp-json\/wp\/v2\/pages\/603\/"}],"collection":[{"href":"https:\/\/www.ardatrade.com\/tr\/wp-json\/wp\/v2\/pages\/"}],"about":[{"href":"https:\/\/www.ardatrade.com\/tr\/wp-json\/wp\/v2\/types\/page\/"}],"author":[{"embeddable":true,"href":"https:\/\/www.ardatrade.com\/tr\/wp-json\/wp\/v2\/users\/1\/"}],"replies":[{"embeddable":true,"href":"https:\/\/www.ardatrade.com\/tr\/wp-json\/wp\/v2\/comments\/?post=603"}],"version-history":[{"count":1,"href":"https:\/\/www.ardatrade.com\/tr\/wp-json\/wp\/v2\/pages\/603\/revisions\/"}],"predecessor-version":[{"id":605,"href":"https:\/\/www.ardatrade.com\/tr\/wp-json\/wp\/v2\/pages\/603\/revisions\/605\/"}],"up":[{"embeddable":true,"href":"https:\/\/www.ardatrade.com\/tr\/wp-json\/wp\/v2\/pages\/305\/"}],"wp:attachment":[{"href":"https:\/\/www.ardatrade.com\/tr\/wp-json\/wp\/v2\/media\/?parent=603"}],"curies":[{"name":"wp","href":"https:\/\/api.w.org\/{rel}","templated":true}]}}