{"id":319,"date":"2021-01-03T23:42:05","date_gmt":"2021-01-03T23:42:05","guid":{"rendered":"https:\/\/www.ardatrade.com\/?page_id=319"},"modified":"2021-01-26T18:14:19","modified_gmt":"2021-01-26T15:14:19","slug":"dusuk-kapasiteli-kirma-makineleri","status":"publish","type":"page","link":"https:\/\/www.ardatrade.com\/tr\/urunlerimiz\/geri-donusum-makineleri\/kirma-makineleri\/dusuk-kapasiteli-kirma-makineleri\/","title":{"rendered":"D\u00fc\u015f\u00fck Kapasiteli K\u0131rma Makineleri"},"content":{"rendered":"","protected":false},"excerpt":{"rendered":"","protected":false},"author":1,"featured_media":0,"parent":307,"menu_order":0,"comment_status":"closed","ping_status":"closed","template":"","meta":{"content-type":"","_monsterinsights_skip_tracking":false,"_monsterinsights_sitenote_active":false,"_monsterinsights_sitenote_note":"","_monsterinsights_sitenote_category":0,"footnotes":""},"_links":{"self":[{"href":"https:\/\/www.ardatrade.com\/tr\/wp-json\/wp\/v2\/pages\/319\/"}],"collection":[{"href":"https:\/\/www.ardatrade.com\/tr\/wp-json\/wp\/v2\/pages\/"}],"about":[{"href":"https:\/\/www.ardatrade.com\/tr\/wp-json\/wp\/v2\/types\/page\/"}],"author":[{"embeddable":true,"href":"https:\/\/www.ardatrade.com\/tr\/wp-json\/wp\/v2\/users\/1\/"}],"replies":[{"embeddable":true,"href":"https:\/\/www.ardatrade.com\/tr\/wp-json\/wp\/v2\/comments\/?post=319"}],"version-history":[{"count":4,"href":"https:\/\/www.ardatrade.com\/tr\/wp-json\/wp\/v2\/pages\/319\/revisions\/"}],"predecessor-version":[{"id":632,"href":"https:\/\/www.ardatrade.com\/tr\/wp-json\/wp\/v2\/pages\/319\/revisions\/632\/"}],"up":[{"embeddable":true,"href":"https:\/\/www.ardatrade.com\/tr\/wp-json\/wp\/v2\/pages\/307\/"}],"wp:attachment":[{"href":"https:\/\/www.ardatrade.com\/tr\/wp-json\/wp\/v2\/media\/?parent=319"}],"curies":[{"name":"wp","href":"https:\/\/api.w.org\/{rel}","templated":true}]}}