{"id":305,"date":"2021-01-03T23:31:24","date_gmt":"2021-01-03T23:31:24","guid":{"rendered":"https:\/\/www.ardatrade.com\/?page_id=305"},"modified":"2021-01-26T12:30:38","modified_gmt":"2021-01-26T09:30:38","slug":"geri-donusum-makineleri","status":"publish","type":"page","link":"https:\/\/www.ardatrade.com\/tr\/urunlerimiz\/geri-donusum-makineleri\/","title":{"rendered":"Geri D\u00f6n\u00fc\u015f\u00fcm Makineleri"},"content":{"rendered":"","protected":false},"excerpt":{"rendered":"","protected":false},"author":1,"featured_media":0,"parent":96,"menu_order":0,"comment_status":"closed","ping_status":"closed","template":"","meta":{"content-type":"","_monsterinsights_skip_tracking":false,"_monsterinsights_sitenote_active":false,"_monsterinsights_sitenote_note":"","_monsterinsights_sitenote_category":0,"footnotes":""},"_links":{"self":[{"href":"https:\/\/www.ardatrade.com\/tr\/wp-json\/wp\/v2\/pages\/305\/"}],"collection":[{"href":"https:\/\/www.ardatrade.com\/tr\/wp-json\/wp\/v2\/pages\/"}],"about":[{"href":"https:\/\/www.ardatrade.com\/tr\/wp-json\/wp\/v2\/types\/page\/"}],"author":[{"embeddable":true,"href":"https:\/\/www.ardatrade.com\/tr\/wp-json\/wp\/v2\/users\/1\/"}],"replies":[{"embeddable":true,"href":"https:\/\/www.ardatrade.com\/tr\/wp-json\/wp\/v2\/comments\/?post=305"}],"version-history":[{"count":1,"href":"https:\/\/www.ardatrade.com\/tr\/wp-json\/wp\/v2\/pages\/305\/revisions\/"}],"predecessor-version":[{"id":306,"href":"https:\/\/www.ardatrade.com\/tr\/wp-json\/wp\/v2\/pages\/305\/revisions\/306\/"}],"up":[{"embeddable":true,"href":"https:\/\/www.ardatrade.com\/tr\/wp-json\/wp\/v2\/pages\/96\/"}],"wp:attachment":[{"href":"https:\/\/www.ardatrade.com\/tr\/wp-json\/wp\/v2\/media\/?parent=305"}],"curies":[{"name":"wp","href":"https:\/\/api.w.org\/{rel}","templated":true}]}}