{"id":295,"date":"2021-01-03T23:26:36","date_gmt":"2021-01-03T23:26:36","guid":{"rendered":"https:\/\/www.ardatrade.com\/?page_id=295"},"modified":"2021-01-20T01:18:21","modified_gmt":"2021-01-19T22:18:21","slug":"ldpe-hdpe-geri-donusum-hatti","status":"publish","type":"page","link":"https:\/\/www.ardatrade.com\/tr\/urunlerimiz\/geri-donusum-hatlari\/ldpe-hdpe-geri-donusum-hatti\/","title":{"rendered":"LDPE &#038; HDPE Geri D\u00f6n\u00fc\u015f\u00fcm Hatt\u0131"},"content":{"rendered":"","protected":false},"excerpt":{"rendered":"","protected":false},"author":1,"featured_media":0,"parent":284,"menu_order":0,"comment_status":"closed","ping_status":"closed","template":"","meta":{"content-type":"","_monsterinsights_skip_tracking":false,"_monsterinsights_sitenote_active":false,"_monsterinsights_sitenote_note":"","_monsterinsights_sitenote_category":0,"footnotes":""},"_links":{"self":[{"href":"https:\/\/www.ardatrade.com\/tr\/wp-json\/wp\/v2\/pages\/295\/"}],"collection":[{"href":"https:\/\/www.ardatrade.com\/tr\/wp-json\/wp\/v2\/pages\/"}],"about":[{"href":"https:\/\/www.ardatrade.com\/tr\/wp-json\/wp\/v2\/types\/page\/"}],"author":[{"embeddable":true,"href":"https:\/\/www.ardatrade.com\/tr\/wp-json\/wp\/v2\/users\/1\/"}],"replies":[{"embeddable":true,"href":"https:\/\/www.ardatrade.com\/tr\/wp-json\/wp\/v2\/comments\/?post=295"}],"version-history":[{"count":2,"href":"https:\/\/www.ardatrade.com\/tr\/wp-json\/wp\/v2\/pages\/295\/revisions\/"}],"predecessor-version":[{"id":666,"href":"https:\/\/www.ardatrade.com\/tr\/wp-json\/wp\/v2\/pages\/295\/revisions\/666\/"}],"up":[{"embeddable":true,"href":"https:\/\/www.ardatrade.com\/tr\/wp-json\/wp\/v2\/pages\/284\/"}],"wp:attachment":[{"href":"https:\/\/www.ardatrade.com\/tr\/wp-json\/wp\/v2\/media\/?parent=295"}],"curies":[{"name":"wp","href":"https:\/\/api.w.org\/{rel}","templated":true}]}}