{"id":290,"date":"2021-01-03T23:23:12","date_gmt":"2021-01-03T23:23:12","guid":{"rendered":"https:\/\/www.ardatrade.com\/?page_id=290"},"modified":"2021-01-26T12:19:18","modified_gmt":"2021-01-26T09:19:18","slug":"kablo-geri-donusum-hatti","status":"publish","type":"page","link":"https:\/\/www.ardatrade.com\/tr\/urunlerimiz\/geri-donusum-hatlari\/kablo-geri-donusum-hatti\/","title":{"rendered":"Kablo Geri D\u00f6n\u00fc\u015f\u00fcm Hatt\u0131"},"content":{"rendered":"","protected":false},"excerpt":{"rendered":"","protected":false},"author":1,"featured_media":0,"parent":284,"menu_order":0,"comment_status":"closed","ping_status":"closed","template":"","meta":{"content-type":"","_monsterinsights_skip_tracking":false,"_monsterinsights_sitenote_active":false,"_monsterinsights_sitenote_note":"","_monsterinsights_sitenote_category":0,"footnotes":""},"_links":{"self":[{"href":"https:\/\/www.ardatrade.com\/tr\/wp-json\/wp\/v2\/pages\/290\/"}],"collection":[{"href":"https:\/\/www.ardatrade.com\/tr\/wp-json\/wp\/v2\/pages\/"}],"about":[{"href":"https:\/\/www.ardatrade.com\/tr\/wp-json\/wp\/v2\/types\/page\/"}],"author":[{"embeddable":true,"href":"https:\/\/www.ardatrade.com\/tr\/wp-json\/wp\/v2\/users\/1\/"}],"replies":[{"embeddable":true,"href":"https:\/\/www.ardatrade.com\/tr\/wp-json\/wp\/v2\/comments\/?post=290"}],"version-history":[{"count":2,"href":"https:\/\/www.ardatrade.com\/tr\/wp-json\/wp\/v2\/pages\/290\/revisions\/"}],"predecessor-version":[{"id":292,"href":"https:\/\/www.ardatrade.com\/tr\/wp-json\/wp\/v2\/pages\/290\/revisions\/292\/"}],"up":[{"embeddable":true,"href":"https:\/\/www.ardatrade.com\/tr\/wp-json\/wp\/v2\/pages\/284\/"}],"wp:attachment":[{"href":"https:\/\/www.ardatrade.com\/tr\/wp-json\/wp\/v2\/media\/?parent=290"}],"curies":[{"name":"wp","href":"https:\/\/api.w.org\/{rel}","templated":true}]}}